{"id":970,"date":"2021-11-11T17:13:48","date_gmt":"2021-11-11T17:13:48","guid":{"rendered":"https:\/\/enevajoyeria.com\/?post_type=product&#038;p=970"},"modified":"2023-04-27T21:16:01","modified_gmt":"2023-04-27T21:16:01","slug":"pack-por-tres-anillos-de-plata","status":"publish","type":"product","link":"https:\/\/enevajoyeria.com\/?product=pack-por-tres-anillos-de-plata","title":{"rendered":"Pack x3 Anillos regulables"},"content":{"rendered":"<p>La \u00faltima tendencia de anillos lo dice bien claro: <strong>\u00a1Todo est\u00e1 permitido!<\/strong> Envuelve tus manos en un paradis\u00edaco mar de joyas para los dedos.<\/p>\n<p>Dale ese s\u00faper toque a tus manos con este\u00a0 precioso set y crea el look perfecto para tu d\u00eda a d\u00eda con un toque s\u00faper natural y elegante al mismo tiempo.<\/p>\n","protected":false},"excerpt":{"rendered":"<ul class=\"ul1\">\n<li class=\"li1\"><b>Material:<\/b> Plata Peruana 950<\/li>\n<li class=\"li1\"><b>Di\u00e1metro:<\/b> Regulables desde la talla 5 hasta la talla 8<\/li>\n<li class=\"li1\"><b>Modelos: <\/b>Coraz\u00f3n, estrella y zirc\u00f3n<\/li>\n<li class=\"li1\"><b>Presentaci\u00f3n: <\/b>Bolsa de tela + cuidados de la joya.<\/li>\n<\/ul>\n<p>&nbsp;<\/p>\n<p>&nbsp;<\/p>\n","protected":false},"featured_media":971,"comment_status":"open","ping_status":"closed","template":"","meta":{"_monsterinsights_skip_tracking":false,"_monsterinsights_sitenote_active":false,"_monsterinsights_sitenote_note":"","_monsterinsights_sitenote_category":0},"product_cat":[72],"product_tag":[],"_links":{"self":[{"href":"https:\/\/enevajoyeria.com\/index.php?rest_route=\/wp\/v2\/product\/970"}],"collection":[{"href":"https:\/\/enevajoyeria.com\/index.php?rest_route=\/wp\/v2\/product"}],"about":[{"href":"https:\/\/enevajoyeria.com\/index.php?rest_route=\/wp\/v2\/types\/product"}],"replies":[{"embeddable":true,"href":"https:\/\/enevajoyeria.com\/index.php?rest_route=%2Fwp%2Fv2%2Fcomments&post=970"}],"wp:featuredmedia":[{"embeddable":true,"href":"https:\/\/enevajoyeria.com\/index.php?rest_route=\/wp\/v2\/media\/971"}],"wp:attachment":[{"href":"https:\/\/enevajoyeria.com\/index.php?rest_route=%2Fwp%2Fv2%2Fmedia&parent=970"}],"wp:term":[{"taxonomy":"product_cat","embeddable":true,"href":"https:\/\/enevajoyeria.com\/index.php?rest_route=%2Fwp%2Fv2%2Fproduct_cat&post=970"},{"taxonomy":"product_tag","embeddable":true,"href":"https:\/\/enevajoyeria.com\/index.php?rest_route=%2Fwp%2Fv2%2Fproduct_tag&post=970"}],"curies":[{"name":"wp","href":"https:\/\/api.w.org\/{rel}","templated":true}]}}