{"id":968,"date":"2021-11-11T17:05:52","date_gmt":"2021-11-11T17:05:52","guid":{"rendered":"https:\/\/enevajoyeria.com\/?post_type=product&#038;p=968"},"modified":"2026-01-24T01:30:24","modified_gmt":"2026-01-24T01:30:24","slug":"arete-tipo-roseta","status":"publish","type":"product","link":"https:\/\/enevajoyeria.com\/?product=arete-tipo-roseta","title":{"rendered":"Arete roseta oro 18k"},"content":{"rendered":"<p>Si la <strong>belleza<\/strong> tuviera un sin\u00f3nimo ser\u00eda <strong>ROSETA<\/strong>, este par de aretes es la perfecci\u00f3n por donde lo veas, adem\u00e1s de ser una joya de oro puro 18k , las piedras de zircon leg\u00edtimas le dan el gran toque de elegancia y no s\u00f3lo eso, estos preciosos aretes puedes usarlos para un look casual y para un look elegante. Van con Todo!<\/p>\n<p>&nbsp;<\/p>\n<p>&nbsp;<\/p>\n","protected":false},"excerpt":{"rendered":"<ul class=\"ul1\">\n<li class=\"li1\"><b>Material:<\/b>\u00a0Oro 18k<\/li>\n<li class=\"li1\"><b>Tonalidad<\/b>: Oro Amarillo<\/li>\n<li class=\"li1\"><b>Di\u00e1metro:<\/b> 1cm<\/li>\n<li class=\"li1\"><b>Presentaci\u00f3n: <\/b>Caja + certificado de autenticidad + cuidados de la joya.<\/li>\n<li class=\"li1\"><b>Piedra:<\/b> Zirc\u00f3n color natural<\/li>\n<li class=\"li1\"><b>Seguro: <\/b>tipo mariposa<\/li>\n<\/ul>\n<p>&nbsp;<\/p>\n<p>&nbsp;<\/p>\n","protected":false},"featured_media":969,"comment_status":"open","ping_status":"closed","template":"","meta":{"_monsterinsights_skip_tracking":false,"_monsterinsights_sitenote_active":false,"_monsterinsights_sitenote_note":"","_monsterinsights_sitenote_category":0},"product_cat":[76],"product_tag":[],"_links":{"self":[{"href":"https:\/\/enevajoyeria.com\/index.php?rest_route=\/wp\/v2\/product\/968"}],"collection":[{"href":"https:\/\/enevajoyeria.com\/index.php?rest_route=\/wp\/v2\/product"}],"about":[{"href":"https:\/\/enevajoyeria.com\/index.php?rest_route=\/wp\/v2\/types\/product"}],"replies":[{"embeddable":true,"href":"https:\/\/enevajoyeria.com\/index.php?rest_route=%2Fwp%2Fv2%2Fcomments&post=968"}],"wp:featuredmedia":[{"embeddable":true,"href":"https:\/\/enevajoyeria.com\/index.php?rest_route=\/wp\/v2\/media\/969"}],"wp:attachment":[{"href":"https:\/\/enevajoyeria.com\/index.php?rest_route=%2Fwp%2Fv2%2Fmedia&parent=968"}],"wp:term":[{"taxonomy":"product_cat","embeddable":true,"href":"https:\/\/enevajoyeria.com\/index.php?rest_route=%2Fwp%2Fv2%2Fproduct_cat&post=968"},{"taxonomy":"product_tag","embeddable":true,"href":"https:\/\/enevajoyeria.com\/index.php?rest_route=%2Fwp%2Fv2%2Fproduct_tag&post=968"}],"curies":[{"name":"wp","href":"https:\/\/api.w.org\/{rel}","templated":true}]}}