{"id":957,"date":"2021-11-10T20:45:25","date_gmt":"2021-11-10T20:45:25","guid":{"rendered":"https:\/\/enevajoyeria.com\/?post_type=product&#038;p=957"},"modified":"2023-04-27T21:16:37","modified_gmt":"2023-04-27T21:16:37","slug":"957","status":"publish","type":"product","link":"https:\/\/enevajoyeria.com\/?product=957","title":{"rendered":"Dog lover &#8211; Bulldog franc\u00e9s"},"content":{"rendered":"<p>Hermosa cadena elaborada en plata 950 detalle \u00fanico para las mam\u00e1s perrunas.<\/p>\n<p>El dije es un dise\u00f1o \u00fanico en 3D, el dije de perrito se mueve de la cabecita con el movimiento y tiene circones naturales en los ojitos y naricita.<\/p>\n<p>&nbsp;<\/p>\n","protected":false},"excerpt":{"rendered":"<ul class=\"ul1\">\n<li class=\"li1\"><b>Material:<\/b> Plata Peruana 950<\/li>\n<li class=\"li1\"><b>Modelo:<\/b> Dog lover 3D<\/li>\n<li class=\"li1\"><b>Piedra:<\/b> Zirc\u00f3n color natural<\/li>\n<li class=\"li1\"><b>Di\u00e1metro del dije:<\/b> 4 cm<\/li>\n<li class=\"li1\"><b>Medida de la cadena cartier:<\/b> 40 cm<\/li>\n<li class=\"li1\"><b>Presentaci\u00f3n: <\/b>Bolsa de tela + cuidados de la joya.<\/li>\n<\/ul>\n","protected":false},"featured_media":958,"comment_status":"open","ping_status":"closed","template":"","meta":{"_monsterinsights_skip_tracking":false,"_monsterinsights_sitenote_active":false,"_monsterinsights_sitenote_note":"","_monsterinsights_sitenote_category":0},"product_cat":[71],"product_tag":[],"_links":{"self":[{"href":"https:\/\/enevajoyeria.com\/index.php?rest_route=\/wp\/v2\/product\/957"}],"collection":[{"href":"https:\/\/enevajoyeria.com\/index.php?rest_route=\/wp\/v2\/product"}],"about":[{"href":"https:\/\/enevajoyeria.com\/index.php?rest_route=\/wp\/v2\/types\/product"}],"replies":[{"embeddable":true,"href":"https:\/\/enevajoyeria.com\/index.php?rest_route=%2Fwp%2Fv2%2Fcomments&post=957"}],"wp:featuredmedia":[{"embeddable":true,"href":"https:\/\/enevajoyeria.com\/index.php?rest_route=\/wp\/v2\/media\/958"}],"wp:attachment":[{"href":"https:\/\/enevajoyeria.com\/index.php?rest_route=%2Fwp%2Fv2%2Fmedia&parent=957"}],"wp:term":[{"taxonomy":"product_cat","embeddable":true,"href":"https:\/\/enevajoyeria.com\/index.php?rest_route=%2Fwp%2Fv2%2Fproduct_cat&post=957"},{"taxonomy":"product_tag","embeddable":true,"href":"https:\/\/enevajoyeria.com\/index.php?rest_route=%2Fwp%2Fv2%2Fproduct_tag&post=957"}],"curies":[{"name":"wp","href":"https:\/\/api.w.org\/{rel}","templated":true}]}}