{"id":738,"date":"2021-09-29T00:34:08","date_gmt":"2021-09-29T00:34:08","guid":{"rendered":"http:\/\/enevajoyeria.com\/?post_type=product&#038;p=738"},"modified":"2023-04-27T21:17:42","modified_gmt":"2023-04-27T21:17:42","slug":"huayruro-protector","status":"publish","type":"product","link":"https:\/\/enevajoyeria.com\/?product=huayruro-protector","title":{"rendered":"Huayruro Protector"},"content":{"rendered":"<p>Esta fina pulsera se utiliza como amuleto o protecci\u00f3n m\u00e1s que todo contra el mal de ojos (envidia, celos) por eso es que la mayor\u00eda de los beb\u00e9s y ni\u00f1os peque\u00f1os las usan con una cinta roja y un azabache, se debe limpiar antes de usar con una gota de aceite de oliva y no dejar que nadie la toque si eso sucede debe limpiarla de nuevo.<\/p>\n","protected":false},"excerpt":{"rendered":"<ul class=\"ul1\">\n<li class=\"li1\"><b>Material:<\/b> Plata Peruana 950 + Fino Huayruro<\/li>\n<li class=\"li1\"><b>Modelo:<\/b> Huayruro protector<\/li>\n<li class=\"li1\"><b>Medida de la pulsera:<\/b> 15 cm<\/li>\n<li class=\"li1\"><b>Presentaci\u00f3n:\u00a0<\/b>Bolsa de tela + cuidados de la joya.<\/li>\n<\/ul>\n","protected":false},"featured_media":739,"comment_status":"open","ping_status":"closed","template":"","meta":{"_monsterinsights_skip_tracking":false,"_monsterinsights_sitenote_active":false,"_monsterinsights_sitenote_note":"","_monsterinsights_sitenote_category":0},"product_cat":[80],"product_tag":[],"_links":{"self":[{"href":"https:\/\/enevajoyeria.com\/index.php?rest_route=\/wp\/v2\/product\/738"}],"collection":[{"href":"https:\/\/enevajoyeria.com\/index.php?rest_route=\/wp\/v2\/product"}],"about":[{"href":"https:\/\/enevajoyeria.com\/index.php?rest_route=\/wp\/v2\/types\/product"}],"replies":[{"embeddable":true,"href":"https:\/\/enevajoyeria.com\/index.php?rest_route=%2Fwp%2Fv2%2Fcomments&post=738"}],"wp:featuredmedia":[{"embeddable":true,"href":"https:\/\/enevajoyeria.com\/index.php?rest_route=\/wp\/v2\/media\/739"}],"wp:attachment":[{"href":"https:\/\/enevajoyeria.com\/index.php?rest_route=%2Fwp%2Fv2%2Fmedia&parent=738"}],"wp:term":[{"taxonomy":"product_cat","embeddable":true,"href":"https:\/\/enevajoyeria.com\/index.php?rest_route=%2Fwp%2Fv2%2Fproduct_cat&post=738"},{"taxonomy":"product_tag","embeddable":true,"href":"https:\/\/enevajoyeria.com\/index.php?rest_route=%2Fwp%2Fv2%2Fproduct_tag&post=738"}],"curies":[{"name":"wp","href":"https:\/\/api.w.org\/{rel}","templated":true}]}}