{"id":709,"date":"2021-09-28T23:51:54","date_gmt":"2021-09-28T23:51:54","guid":{"rendered":"http:\/\/enevajoyeria.com\/?post_type=product&#038;p=709"},"modified":"2023-04-27T21:24:27","modified_gmt":"2023-04-27T21:24:27","slug":"cadena-guadalupe","status":"publish","type":"product","link":"https:\/\/enevajoyeria.com\/?product=cadena-guadalupe","title":{"rendered":"Cadena Guadalupe"},"content":{"rendered":"<p>Las medallas son un s\u00edmbolo de amor que se pueden comprar y regalar como gesto de respeto y cari\u00f1o y sobretodo protecci\u00f3n. El amparo que cada santo puede brindar en diferentes momentos y necesidad es el mejor regalo que puedas otorgar.<\/p>\n","protected":false},"excerpt":{"rendered":"<ul class=\"ul1\">\n<li class=\"li1\"><b>Material:<\/b> Plata Peruana 950<\/li>\n<li class=\"li1\"><b>Di\u00e1metro dije:<\/b> altura 5 cm<\/li>\n<li class=\"li1\"><b>Medida de cadena:<\/b> 60 cm<\/li>\n<li class=\"li1\"><b>Presentaci\u00f3n:\u00a0<\/b>Bolsa de tela + cuidados de la joya.<\/li>\n<\/ul>\n","protected":false},"featured_media":710,"comment_status":"open","ping_status":"closed","template":"","meta":{"_monsterinsights_skip_tracking":false,"_monsterinsights_sitenote_active":false,"_monsterinsights_sitenote_note":"","_monsterinsights_sitenote_category":0},"product_cat":[71],"product_tag":[],"_links":{"self":[{"href":"https:\/\/enevajoyeria.com\/index.php?rest_route=\/wp\/v2\/product\/709"}],"collection":[{"href":"https:\/\/enevajoyeria.com\/index.php?rest_route=\/wp\/v2\/product"}],"about":[{"href":"https:\/\/enevajoyeria.com\/index.php?rest_route=\/wp\/v2\/types\/product"}],"replies":[{"embeddable":true,"href":"https:\/\/enevajoyeria.com\/index.php?rest_route=%2Fwp%2Fv2%2Fcomments&post=709"}],"wp:featuredmedia":[{"embeddable":true,"href":"https:\/\/enevajoyeria.com\/index.php?rest_route=\/wp\/v2\/media\/710"}],"wp:attachment":[{"href":"https:\/\/enevajoyeria.com\/index.php?rest_route=%2Fwp%2Fv2%2Fmedia&parent=709"}],"wp:term":[{"taxonomy":"product_cat","embeddable":true,"href":"https:\/\/enevajoyeria.com\/index.php?rest_route=%2Fwp%2Fv2%2Fproduct_cat&post=709"},{"taxonomy":"product_tag","embeddable":true,"href":"https:\/\/enevajoyeria.com\/index.php?rest_route=%2Fwp%2Fv2%2Fproduct_tag&post=709"}],"curies":[{"name":"wp","href":"https:\/\/api.w.org\/{rel}","templated":true}]}}