{"id":704,"date":"2021-09-28T23:15:05","date_gmt":"2021-09-28T23:15:05","guid":{"rendered":"http:\/\/enevajoyeria.com\/?post_type=product&#038;p=704"},"modified":"2021-12-23T00:00:49","modified_gmt":"2021-12-23T00:00:49","slug":"corazon-pasante","status":"publish","type":"product","link":"https:\/\/enevajoyeria.com\/?product=corazon-pasante","title":{"rendered":"Coraz\u00f3n Pasante"},"content":{"rendered":"<p>Regalar un coraz\u00f3n es atraer el amor y es un centro energ\u00e9tico.<\/p>\n","protected":false},"excerpt":{"rendered":"<ul class=\"ul1\">\n<li class=\"li1\"><b>Material:<\/b> Plata Peruana 950<\/li>\n<li class=\"li1\"><b>Modelo:<\/b> Coraz\u00f3n pasante<\/li>\n<li class=\"li1\"><b>Di\u00e1metro del dije:<\/b> 3 cm<\/li>\n<li class=\"li1\"><b>Medida de la cadena cartier:<\/b> 50 cm<\/li>\n<li class=\"li1\"><b>Presentaci\u00f3n: <\/b>Bolsa de tela + cuidados de la joya.<\/li>\n<\/ul>\n","protected":false},"featured_media":705,"comment_status":"open","ping_status":"closed","template":"","meta":{"_monsterinsights_skip_tracking":false,"_monsterinsights_sitenote_active":false,"_monsterinsights_sitenote_note":"","_monsterinsights_sitenote_category":0},"product_cat":[71],"product_tag":[],"_links":{"self":[{"href":"https:\/\/enevajoyeria.com\/index.php?rest_route=\/wp\/v2\/product\/704"}],"collection":[{"href":"https:\/\/enevajoyeria.com\/index.php?rest_route=\/wp\/v2\/product"}],"about":[{"href":"https:\/\/enevajoyeria.com\/index.php?rest_route=\/wp\/v2\/types\/product"}],"replies":[{"embeddable":true,"href":"https:\/\/enevajoyeria.com\/index.php?rest_route=%2Fwp%2Fv2%2Fcomments&post=704"}],"wp:featuredmedia":[{"embeddable":true,"href":"https:\/\/enevajoyeria.com\/index.php?rest_route=\/wp\/v2\/media\/705"}],"wp:attachment":[{"href":"https:\/\/enevajoyeria.com\/index.php?rest_route=%2Fwp%2Fv2%2Fmedia&parent=704"}],"wp:term":[{"taxonomy":"product_cat","embeddable":true,"href":"https:\/\/enevajoyeria.com\/index.php?rest_route=%2Fwp%2Fv2%2Fproduct_cat&post=704"},{"taxonomy":"product_tag","embeddable":true,"href":"https:\/\/enevajoyeria.com\/index.php?rest_route=%2Fwp%2Fv2%2Fproduct_tag&post=704"}],"curies":[{"name":"wp","href":"https:\/\/api.w.org\/{rel}","templated":true}]}}