{"id":1151,"date":"2021-12-06T20:14:53","date_gmt":"2021-12-06T20:14:53","guid":{"rendered":"https:\/\/enevajoyeria.com\/?post_type=product&#038;p=1151"},"modified":"2025-06-02T22:00:46","modified_gmt":"2025-06-02T22:00:46","slug":"moon-gold","status":"publish","type":"product","link":"https:\/\/enevajoyeria.com\/?product=moon-gold","title":{"rendered":"Moon Gold"},"content":{"rendered":"<p>El\u00a0<b>significado<\/b>\u00a0propiamente dicho de una media\u00a0<b>luna<\/b>\u00a0evoca a una etapa de autoenga\u00f1o, ilusi\u00f3n, temores y ansiedad a la vez que, todas estas energ\u00edas negativas, est\u00e1n empezando a desaparecer.<\/p>\n","protected":false},"excerpt":{"rendered":"<ul>\n<li><b>Material:<\/b>\u00a0Oro 18k<\/li>\n<li><b>Tonalidad<\/b>: Oro Amarillo<\/li>\n<li><b>Tama\u00f1o de Dije:<\/b>\u00a01.5\u00a0 cm x 1.5 cm<\/li>\n<li><strong>Dise\u00f1o:<\/strong> reversible<\/li>\n<\/ul>\n","protected":false},"featured_media":1152,"comment_status":"open","ping_status":"closed","template":"","meta":{"_monsterinsights_skip_tracking":false,"_monsterinsights_sitenote_active":false,"_monsterinsights_sitenote_note":"","_monsterinsights_sitenote_category":0},"product_cat":[76],"product_tag":[],"_links":{"self":[{"href":"https:\/\/enevajoyeria.com\/index.php?rest_route=\/wp\/v2\/product\/1151"}],"collection":[{"href":"https:\/\/enevajoyeria.com\/index.php?rest_route=\/wp\/v2\/product"}],"about":[{"href":"https:\/\/enevajoyeria.com\/index.php?rest_route=\/wp\/v2\/types\/product"}],"replies":[{"embeddable":true,"href":"https:\/\/enevajoyeria.com\/index.php?rest_route=%2Fwp%2Fv2%2Fcomments&post=1151"}],"wp:featuredmedia":[{"embeddable":true,"href":"https:\/\/enevajoyeria.com\/index.php?rest_route=\/wp\/v2\/media\/1152"}],"wp:attachment":[{"href":"https:\/\/enevajoyeria.com\/index.php?rest_route=%2Fwp%2Fv2%2Fmedia&parent=1151"}],"wp:term":[{"taxonomy":"product_cat","embeddable":true,"href":"https:\/\/enevajoyeria.com\/index.php?rest_route=%2Fwp%2Fv2%2Fproduct_cat&post=1151"},{"taxonomy":"product_tag","embeddable":true,"href":"https:\/\/enevajoyeria.com\/index.php?rest_route=%2Fwp%2Fv2%2Fproduct_tag&post=1151"}],"curies":[{"name":"wp","href":"https:\/\/api.w.org\/{rel}","templated":true}]}}