{"id":1087,"date":"2021-11-29T01:11:57","date_gmt":"2021-11-29T01:11:57","guid":{"rendered":"https:\/\/enevajoyeria.com\/?post_type=product&#038;p=1087"},"modified":"2025-06-02T23:18:58","modified_gmt":"2025-06-02T23:18:58","slug":"punera-de-oro-18k-con-dije-corazon","status":"publish","type":"product","link":"https:\/\/enevajoyeria.com\/?product=punera-de-oro-18k-con-dije-corazon","title":{"rendered":"Pu\u00f1era de oro 18k con dije coraz\u00f3n"},"content":{"rendered":"<p>Regalar un coraz\u00f3n significa: que es una persona bondadosa, ya que el coraz\u00f3n simboliza la bondad y el amor, y el oro lo hace m\u00e1s destacable.<\/p>\n","protected":false},"excerpt":{"rendered":"<ul>\n<li><strong>Material:<\/strong> Oro 18k<\/li>\n<li><strong>Tonalidad<\/strong>: Oro Amarillo<\/li>\n<li><strong>Grosor:<\/strong> 3 mm<\/li>\n<li><strong>Di\u00e1metro Interno:<\/strong> 6 cm<\/li>\n<li><strong>Tama\u00f1o de Dije:<\/strong> 1.5\u00a0 cm x 1.5 cm<\/li>\n<\/ul>\n","protected":false},"featured_media":1089,"comment_status":"open","ping_status":"closed","template":"","meta":{"_monsterinsights_skip_tracking":false,"_monsterinsights_sitenote_active":false,"_monsterinsights_sitenote_note":"","_monsterinsights_sitenote_category":0},"product_cat":[76],"product_tag":[],"_links":{"self":[{"href":"https:\/\/enevajoyeria.com\/index.php?rest_route=\/wp\/v2\/product\/1087"}],"collection":[{"href":"https:\/\/enevajoyeria.com\/index.php?rest_route=\/wp\/v2\/product"}],"about":[{"href":"https:\/\/enevajoyeria.com\/index.php?rest_route=\/wp\/v2\/types\/product"}],"replies":[{"embeddable":true,"href":"https:\/\/enevajoyeria.com\/index.php?rest_route=%2Fwp%2Fv2%2Fcomments&post=1087"}],"wp:featuredmedia":[{"embeddable":true,"href":"https:\/\/enevajoyeria.com\/index.php?rest_route=\/wp\/v2\/media\/1089"}],"wp:attachment":[{"href":"https:\/\/enevajoyeria.com\/index.php?rest_route=%2Fwp%2Fv2%2Fmedia&parent=1087"}],"wp:term":[{"taxonomy":"product_cat","embeddable":true,"href":"https:\/\/enevajoyeria.com\/index.php?rest_route=%2Fwp%2Fv2%2Fproduct_cat&post=1087"},{"taxonomy":"product_tag","embeddable":true,"href":"https:\/\/enevajoyeria.com\/index.php?rest_route=%2Fwp%2Fv2%2Fproduct_tag&post=1087"}],"curies":[{"name":"wp","href":"https:\/\/api.w.org\/{rel}","templated":true}]}}